{"id":37800,"date":"2024-05-29T11:48:50","date_gmt":"2024-05-29T09:48:50","guid":{"rendered":"https:\/\/diba-srl.com\/services\/"},"modified":"2024-07-01T14:21:46","modified_gmt":"2024-07-01T12:21:46","slug":"services","status":"publish","type":"page","link":"https:\/\/diba-srl.com\/en\/services\/","title":{"rendered":"Services"},"content":{"rendered":"\t\t<div data-elementor-type=\"wp-page\" data-elementor-id=\"37800\" class=\"elementor elementor-37800 elementor-30552\" data-elementor-post-type=\"page\">\n\t\t\t\t<div class=\"elementor-element elementor-element-db57924 e-flex e-con-boxed e-con e-parent\" data-id=\"db57924\" data-element_type=\"container\" data-settings=\"{&quot;background_background&quot;:&quot;classic&quot;}\">\n\t\t\t\t\t<div class=\"e-con-inner\">\n\t\t\t\t\t<\/div>\n\t\t\t\t<\/div>\n\t\t<div class=\"elementor-element elementor-element-95f0024 e-flex e-con-boxed e-con e-parent\" data-id=\"95f0024\" data-element_type=\"container\">\n\t\t\t\t\t<div class=\"e-con-inner\">\n\t\t<div class=\"elementor-element elementor-element-ca86f12 e-flex e-con-boxed e-con e-child\" data-id=\"ca86f12\" data-element_type=\"container\">\n\t\t\t\t\t<div class=\"e-con-inner\">\n\t\t<div class=\"elementor-element elementor-element-d3fc27e e-con-full e-flex e-con e-child\" data-id=\"d3fc27e\" data-element_type=\"container\">\n\t\t\t\t<div class=\"elementor-element elementor-element-d529179 elementor-widget elementor-widget-heading\" data-id=\"d529179\" data-element_type=\"widget\" data-widget_type=\"heading.default\">\n\t\t\t\t<div class=\"elementor-widget-container\">\n\t\t\t\t\t<h1 class=\"elementor-heading-title elementor-size-default\">Our services at your service<\/h1>\t\t\t\t<\/div>\n\t\t\t\t<\/div>\n\t\t\t\t<div class=\"elementor-element elementor-element-e4bcf09 elementor-widget elementor-widget-text-editor\" data-id=\"e4bcf09\" data-element_type=\"widget\" data-widget_type=\"text-editor.default\">\n\t\t\t\t<div class=\"elementor-widget-container\">\n\t\t\t\t\t\t\t\t\t<p>Diba Electronics is a retailer of electronic and electromechanical components that has stood out on the market for several years thanks to the seriousness, efficiency and timeliness it offers to its customers.<\/p>\n<p>We specialize in buying and selling active, passive and electromechanical components, with particular attention to <strong>obsolete products that are difficult to find<\/strong>.<\/p>\n<p>The availability of the material, especially on the assets, occurs from Subcontractors or from OEMs who have special quotes open, with a one-year guarantee, from <strong>ERAI certified suppliers<\/strong> and from Asian and American suppliers who give a 6-month guarantee with whom we have been collaborating for several years .<\/p>\n<p>We propose ourselves as a strategic partner for companies by offering the best quotes on the free market with feedback within 12\/18 hours of the request and <strong>delivery of material in 14-18 days<\/strong> from the order.<\/p>\n\t\t\t\t\t\t\t\t<\/div>\n\t\t\t\t<\/div>\n\t\t<div class=\"elementor-element elementor-element-0673706 e-flex e-con-boxed e-con e-child\" data-id=\"0673706\" data-element_type=\"container\">\n\t\t\t\t\t<div class=\"e-con-inner\">\n\t\t<div class=\"elementor-element elementor-element-970726a e-flex e-con-boxed e-con e-child\" data-id=\"970726a\" data-element_type=\"container\">\n\t\t\t\t\t<div class=\"e-con-inner\">\n\t\t\t\t<div class=\"elementor-element elementor-element-e26a097 elementor-icon-list--layout-traditional elementor-list-item-link-full_width elementor-widget elementor-widget-icon-list\" data-id=\"e26a097\" data-element_type=\"widget\" data-widget_type=\"icon-list.default\">\n\t\t\t\t<div class=\"elementor-widget-container\">\n\t\t\t\t\t\t\t<ul class=\"elementor-icon-list-items\">\n\t\t\t\t\t\t\t<li class=\"elementor-icon-list-item\">\n\t\t\t\t\t\t\t\t\t\t\t<span class=\"elementor-icon-list-icon\">\n\t\t\t\t\t\t\t<svg aria-hidden=\"true\" class=\"e-font-icon-svg e-fas-dot-circle\" viewBox=\"0 0 512 512\" xmlns=\"http:\/\/www.w3.org\/2000\/svg\"><path d=\"M256 8C119.033 8 8 119.033 8 256s111.033 248 248 248 248-111.033 248-248S392.967 8 256 8zm80 248c0 44.112-35.888 80-80 80s-80-35.888-80-80 35.888-80 80-80 80 35.888 80 80z\"><\/path><\/svg>\t\t\t\t\t\t<\/span>\n\t\t\t\t\t\t\t\t\t\t<span class=\"elementor-icon-list-text\">Procurement of components<\/span>\n\t\t\t\t\t\t\t\t\t<\/li>\n\t\t\t\t\t\t\t\t<li class=\"elementor-icon-list-item\">\n\t\t\t\t\t\t\t\t\t\t\t<span class=\"elementor-icon-list-icon\">\n\t\t\t\t\t\t\t<svg aria-hidden=\"true\" class=\"e-font-icon-svg e-fas-dot-circle\" viewBox=\"0 0 512 512\" xmlns=\"http:\/\/www.w3.org\/2000\/svg\"><path d=\"M256 8C119.033 8 8 119.033 8 256s111.033 248 248 248 248-111.033 248-248S392.967 8 256 8zm80 248c0 44.112-35.888 80-80 80s-80-35.888-80-80 35.888-80 80-80 80 35.888 80 80z\"><\/path><\/svg>\t\t\t\t\t\t<\/span>\n\t\t\t\t\t\t\t\t\t\t<span class=\"elementor-icon-list-text\">Logistics Management<\/span>\n\t\t\t\t\t\t\t\t\t<\/li>\n\t\t\t\t\t\t\t\t<li class=\"elementor-icon-list-item\">\n\t\t\t\t\t\t\t\t\t\t\t<span class=\"elementor-icon-list-icon\">\n\t\t\t\t\t\t\t<svg aria-hidden=\"true\" class=\"e-font-icon-svg e-fas-dot-circle\" viewBox=\"0 0 512 512\" xmlns=\"http:\/\/www.w3.org\/2000\/svg\"><path d=\"M256 8C119.033 8 8 119.033 8 256s111.033 248 248 248 248-111.033 248-248S392.967 8 256 8zm80 248c0 44.112-35.888 80-80 80s-80-35.888-80-80 35.888-80 80-80 80 35.888 80 80z\"><\/path><\/svg>\t\t\t\t\t\t<\/span>\n\t\t\t\t\t\t\t\t\t\t<span class=\"elementor-icon-list-text\">Buffer stock<\/span>\n\t\t\t\t\t\t\t\t\t<\/li>\n\t\t\t\t\t\t\t\t<li class=\"elementor-icon-list-item\">\n\t\t\t\t\t\t\t\t\t\t\t<span class=\"elementor-icon-list-icon\">\n\t\t\t\t\t\t\t<svg aria-hidden=\"true\" class=\"e-font-icon-svg e-fas-dot-circle\" viewBox=\"0 0 512 512\" xmlns=\"http:\/\/www.w3.org\/2000\/svg\"><path d=\"M256 8C119.033 8 8 119.033 8 256s111.033 248 248 248 248-111.033 248-248S392.967 8 256 8zm80 248c0 44.112-35.888 80-80 80s-80-35.888-80-80 35.888-80 80-80 80 35.888 80 80z\"><\/path><\/svg>\t\t\t\t\t\t<\/span>\n\t\t\t\t\t\t\t\t\t\t<span class=\"elementor-icon-list-text\">Order programming<\/span>\n\t\t\t\t\t\t\t\t\t<\/li>\n\t\t\t\t\t\t\t\t<li class=\"elementor-icon-list-item\">\n\t\t\t\t\t\t\t\t\t\t\t<span class=\"elementor-icon-list-icon\">\n\t\t\t\t\t\t\t<svg aria-hidden=\"true\" class=\"e-font-icon-svg e-fas-dot-circle\" viewBox=\"0 0 512 512\" xmlns=\"http:\/\/www.w3.org\/2000\/svg\"><path d=\"M256 8C119.033 8 8 119.033 8 256s111.033 248 248 248 248-111.033 248-248S392.967 8 256 8zm80 248c0 44.112-35.888 80-80 80s-80-35.888-80-80 35.888-80 80-80 80 35.888 80 80z\"><\/path><\/svg>\t\t\t\t\t\t<\/span>\n\t\t\t\t\t\t\t\t\t\t<span class=\"elementor-icon-list-text\">Pre-post sales assistance<\/span>\n\t\t\t\t\t\t\t\t\t<\/li>\n\t\t\t\t\t\t\t\t<li class=\"elementor-icon-list-item\">\n\t\t\t\t\t\t\t\t\t\t\t<span class=\"elementor-icon-list-icon\">\n\t\t\t\t\t\t\t<svg aria-hidden=\"true\" class=\"e-font-icon-svg e-fas-dot-circle\" viewBox=\"0 0 512 512\" xmlns=\"http:\/\/www.w3.org\/2000\/svg\"><path d=\"M256 8C119.033 8 8 119.033 8 256s111.033 248 248 248 248-111.033 248-248S392.967 8 256 8zm80 248c0 44.112-35.888 80-80 80s-80-35.888-80-80 35.888-80 80-80 80 35.888 80 80z\"><\/path><\/svg>\t\t\t\t\t\t<\/span>\n\t\t\t\t\t\t\t\t\t\t<span class=\"elementor-icon-list-text\">Certified quality products<\/span>\n\t\t\t\t\t\t\t\t\t<\/li>\n\t\t\t\t\t\t<\/ul>\n\t\t\t\t\t\t<\/div>\n\t\t\t\t<\/div>\n\t\t\t\t\t<\/div>\n\t\t\t\t<\/div>\n\t\t<div class=\"elementor-element elementor-element-02730ea e-con-full e-flex e-con e-child\" data-id=\"02730ea\" data-element_type=\"container\">\n\t\t\t\t<div class=\"elementor-element elementor-element-6d63af6 elementor-widget elementor-widget-progress\" data-id=\"6d63af6\" data-element_type=\"widget\" data-widget_type=\"progress.default\">\n\t\t\t\t<div class=\"elementor-widget-container\">\n\t\t\t\t\t\n\t\t<div class=\"elementor-progress-wrapper\" role=\"progressbar\" aria-valuemin=\"0\" aria-valuemax=\"100\" aria-valuenow=\"100\" aria-valuetext=\"100% (Delivery speed)\">\n\t\t\t<div class=\"elementor-progress-bar\" data-max=\"100\">\n\t\t\t\t<span class=\"elementor-progress-text\">Delivery speed<\/span>\n\t\t\t\t\t\t\t\t\t<span class=\"elementor-progress-percentage\">100%<\/span>\n\t\t\t\t\t\t\t<\/div>\n\t\t<\/div>\n\t\t\t\t\t\t<\/div>\n\t\t\t\t<\/div>\n\t\t\t\t<div class=\"elementor-element elementor-element-0a90cf9 elementor-widget elementor-widget-progress\" data-id=\"0a90cf9\" data-element_type=\"widget\" data-widget_type=\"progress.default\">\n\t\t\t\t<div class=\"elementor-widget-container\">\n\t\t\t\t\t\n\t\t<div class=\"elementor-progress-wrapper\" role=\"progressbar\" aria-valuemin=\"0\" aria-valuemax=\"100\" aria-valuenow=\"100\" aria-valuetext=\"100% (Product quality and certification)\">\n\t\t\t<div class=\"elementor-progress-bar\" data-max=\"100\">\n\t\t\t\t<span class=\"elementor-progress-text\">Product quality and certification<\/span>\n\t\t\t\t\t\t\t\t\t<span class=\"elementor-progress-percentage\">100%<\/span>\n\t\t\t\t\t\t\t<\/div>\n\t\t<\/div>\n\t\t\t\t\t\t<\/div>\n\t\t\t\t<\/div>\n\t\t\t\t<div class=\"elementor-element elementor-element-99732a9 elementor-widget elementor-widget-progress\" data-id=\"99732a9\" data-element_type=\"widget\" data-widget_type=\"progress.default\">\n\t\t\t\t<div class=\"elementor-widget-container\">\n\t\t\t\t\t\n\t\t<div class=\"elementor-progress-wrapper\" role=\"progressbar\" aria-valuemin=\"0\" aria-valuemax=\"100\" aria-valuenow=\"100\" aria-valuetext=\"100% (Price competitiveness)\">\n\t\t\t<div class=\"elementor-progress-bar\" data-max=\"100\">\n\t\t\t\t<span class=\"elementor-progress-text\">Price competitiveness<\/span>\n\t\t\t\t\t\t\t\t\t<span class=\"elementor-progress-percentage\">100%<\/span>\n\t\t\t\t\t\t\t<\/div>\n\t\t<\/div>\n\t\t\t\t\t\t<\/div>\n\t\t\t\t<\/div>\n\t\t\t\t<\/div>\n\t\t\t\t\t<\/div>\n\t\t\t\t<\/div>\n\t\t\t\t<\/div>\n\t\t\t\t\t<\/div>\n\t\t\t\t<\/div>\n\t\t\t\t\t<\/div>\n\t\t\t\t<\/div>\n\t\t<div class=\"elementor-element elementor-element-d39956d e-flex e-con-boxed e-con e-parent\" data-id=\"d39956d\" data-element_type=\"container\">\n\t\t\t\t\t<div class=\"e-con-inner\">\n\t\t<div class=\"elementor-element elementor-element-c444a9b e-flex e-con-boxed e-con e-child\" data-id=\"c444a9b\" data-element_type=\"container\">\n\t\t\t\t\t<div class=\"e-con-inner\">\n\t\t\t\t<div class=\"elementor-element elementor-element-b4915c7 elementor-position-top elementor-widget elementor-widget-image-box\" data-id=\"b4915c7\" data-element_type=\"widget\" data-widget_type=\"image-box.default\">\n\t\t\t\t<div class=\"elementor-widget-container\">\n\t\t\t\t\t<div class=\"elementor-image-box-wrapper\"><figure class=\"elementor-image-box-img\"><img fetchpriority=\"high\" decoding=\"async\" width=\"1000\" height=\"537\" src=\"https:\/\/diba-srl.com\/wp-content\/uploads\/2024\/06\/materieprime-1.jpg\" class=\"attachment-full size-full wp-image-37244\" alt=\"\" srcset=\"https:\/\/diba-srl.com\/wp-content\/uploads\/2024\/06\/materieprime-1.jpg 1000w, https:\/\/diba-srl.com\/wp-content\/uploads\/2024\/06\/materieprime-1-300x161.jpg 300w, https:\/\/diba-srl.com\/wp-content\/uploads\/2024\/06\/materieprime-1-768x412.jpg 768w, https:\/\/diba-srl.com\/wp-content\/uploads\/2024\/06\/materieprime-1-600x322.jpg 600w\" sizes=\"(max-width: 1000px) 100vw, 1000px\" \/><\/figure><div class=\"elementor-image-box-content\"><h3 class=\"elementor-image-box-title\">PROCUREMENT OF ELECTRONIC COMPONENTS<\/h3><p class=\"elementor-image-box-description\">The pool of suppliers with which we collaborate allows us to quickly source any electronic and electromechanical component, even those that are difficult to find or obsolete.<\/p><\/div><\/div>\t\t\t\t<\/div>\n\t\t\t\t<\/div>\n\t\t\t\t\t<\/div>\n\t\t\t\t<\/div>\n\t\t<div class=\"elementor-element elementor-element-27b2765 e-con-full e-flex e-con e-child\" data-id=\"27b2765\" data-element_type=\"container\">\n\t\t\t\t<div class=\"elementor-element elementor-element-e995ac2 elementor-position-top elementor-widget elementor-widget-image-box\" data-id=\"e995ac2\" data-element_type=\"widget\" data-widget_type=\"image-box.default\">\n\t\t\t\t<div class=\"elementor-widget-container\">\n\t\t\t\t\t<div class=\"elementor-image-box-wrapper\"><figure class=\"elementor-image-box-img\"><img decoding=\"async\" width=\"1536\" height=\"825\" src=\"https:\/\/diba-srl.com\/wp-content\/uploads\/2024\/06\/logistica-1536x825-1.jpg\" class=\"attachment-full size-full wp-image-37242\" alt=\"\" srcset=\"https:\/\/diba-srl.com\/wp-content\/uploads\/2024\/06\/logistica-1536x825-1.jpg 1536w, https:\/\/diba-srl.com\/wp-content\/uploads\/2024\/06\/logistica-1536x825-1-300x161.jpg 300w, https:\/\/diba-srl.com\/wp-content\/uploads\/2024\/06\/logistica-1536x825-1-1024x550.jpg 1024w, https:\/\/diba-srl.com\/wp-content\/uploads\/2024\/06\/logistica-1536x825-1-768x413.jpg 768w, https:\/\/diba-srl.com\/wp-content\/uploads\/2024\/06\/logistica-1536x825-1-600x322.jpg 600w\" sizes=\"(max-width: 1536px) 100vw, 1536px\" \/><\/figure><div class=\"elementor-image-box-content\"><h3 class=\"elementor-image-box-title\">LOGISTICS<\/h3><p class=\"elementor-image-box-description\">We ensure a speed of service that allows us to respect the deliveries agreed with the customer.\n\n<\/p><\/div><\/div>\t\t\t\t<\/div>\n\t\t\t\t<\/div>\n\t\t\t\t<\/div>\n\t\t<div class=\"elementor-element elementor-element-648b8d0 e-con-full e-flex e-con e-child\" data-id=\"648b8d0\" data-element_type=\"container\">\n\t\t\t\t<div class=\"elementor-element elementor-element-b8e141a elementor-position-top elementor-widget elementor-widget-image-box\" data-id=\"b8e141a\" data-element_type=\"widget\" data-widget_type=\"image-box.default\">\n\t\t\t\t<div class=\"elementor-widget-container\">\n\t\t\t\t\t<div class=\"elementor-image-box-wrapper\"><figure class=\"elementor-image-box-img\"><img decoding=\"async\" width=\"1536\" height=\"825\" src=\"https:\/\/diba-srl.com\/wp-content\/uploads\/2024\/06\/materiali-1536x825-1.jpg\" class=\"attachment-full size-full wp-image-37243\" alt=\"\" srcset=\"https:\/\/diba-srl.com\/wp-content\/uploads\/2024\/06\/materiali-1536x825-1.jpg 1536w, https:\/\/diba-srl.com\/wp-content\/uploads\/2024\/06\/materiali-1536x825-1-300x161.jpg 300w, https:\/\/diba-srl.com\/wp-content\/uploads\/2024\/06\/materiali-1536x825-1-1024x550.jpg 1024w, https:\/\/diba-srl.com\/wp-content\/uploads\/2024\/06\/materiali-1536x825-1-768x413.jpg 768w, https:\/\/diba-srl.com\/wp-content\/uploads\/2024\/06\/materiali-1536x825-1-600x322.jpg 600w\" sizes=\"(max-width: 1536px) 100vw, 1536px\" \/><\/figure><div class=\"elementor-image-box-content\"><h3 class=\"elementor-image-box-title\">BUFFER STOCK<\/h3><p class=\"elementor-image-box-description\">We offer the possibility of taking advantage of a safety escort, if necessary, at our warehouse. Delivery times of maximum 48 hours.<\/p><\/div><\/div>\t\t\t\t<\/div>\n\t\t\t\t<\/div>\n\t\t\t\t<\/div>\n\t\t\t\t\t<\/div>\n\t\t\t\t<\/div>\n\t\t<div class=\"elementor-element elementor-element-cff1c92 e-flex e-con-boxed e-con e-parent\" data-id=\"cff1c92\" data-element_type=\"container\">\n\t\t\t\t\t<div class=\"e-con-inner\">\n\t\t<div class=\"elementor-element elementor-element-1eb0388 e-flex e-con-boxed e-con e-child\" data-id=\"1eb0388\" data-element_type=\"container\">\n\t\t\t\t\t<div class=\"e-con-inner\">\n\t\t\t\t<div class=\"elementor-element elementor-element-ae18a8f elementor-position-top elementor-widget elementor-widget-image-box\" data-id=\"ae18a8f\" data-element_type=\"widget\" data-widget_type=\"image-box.default\">\n\t\t\t\t<div class=\"elementor-widget-container\">\n\t\t\t\t\t<div class=\"elementor-image-box-wrapper\"><figure class=\"elementor-image-box-img\"><img loading=\"lazy\" decoding=\"async\" width=\"1536\" height=\"825\" src=\"https:\/\/diba-srl.com\/wp-content\/uploads\/2024\/06\/ordini-1536x825-1.jpg\" class=\"attachment-full size-full wp-image-37245\" alt=\"\" srcset=\"https:\/\/diba-srl.com\/wp-content\/uploads\/2024\/06\/ordini-1536x825-1.jpg 1536w, https:\/\/diba-srl.com\/wp-content\/uploads\/2024\/06\/ordini-1536x825-1-300x161.jpg 300w, https:\/\/diba-srl.com\/wp-content\/uploads\/2024\/06\/ordini-1536x825-1-1024x550.jpg 1024w, https:\/\/diba-srl.com\/wp-content\/uploads\/2024\/06\/ordini-1536x825-1-768x413.jpg 768w, https:\/\/diba-srl.com\/wp-content\/uploads\/2024\/06\/ordini-1536x825-1-600x322.jpg 600w\" sizes=\"(max-width: 1536px) 100vw, 1536px\" \/><\/figure><div class=\"elementor-image-box-content\"><h3 class=\"elementor-image-box-title\">ORDER PROGRAMMING<\/h3><p class=\"elementor-image-box-description\">Do you want to schedule the deliveries of your orders? We can manage them according to your production needs.\n\n<\/p><\/div><\/div>\t\t\t\t<\/div>\n\t\t\t\t<\/div>\n\t\t\t\t\t<\/div>\n\t\t\t\t<\/div>\n\t\t<div class=\"elementor-element elementor-element-0d8c937 e-con-full e-flex e-con e-child\" data-id=\"0d8c937\" data-element_type=\"container\">\n\t\t\t\t<div class=\"elementor-element elementor-element-46fc41c elementor-position-top elementor-widget elementor-widget-image-box\" data-id=\"46fc41c\" data-element_type=\"widget\" data-widget_type=\"image-box.default\">\n\t\t\t\t<div class=\"elementor-widget-container\">\n\t\t\t\t\t<div class=\"elementor-image-box-wrapper\"><figure class=\"elementor-image-box-img\"><img loading=\"lazy\" decoding=\"async\" width=\"1536\" height=\"825\" src=\"https:\/\/diba-srl.com\/wp-content\/uploads\/2024\/06\/assistenza-1-1536x825-1.jpg\" class=\"attachment-full size-full wp-image-37241\" alt=\"\" srcset=\"https:\/\/diba-srl.com\/wp-content\/uploads\/2024\/06\/assistenza-1-1536x825-1.jpg 1536w, https:\/\/diba-srl.com\/wp-content\/uploads\/2024\/06\/assistenza-1-1536x825-1-300x161.jpg 300w, https:\/\/diba-srl.com\/wp-content\/uploads\/2024\/06\/assistenza-1-1536x825-1-1024x550.jpg 1024w, https:\/\/diba-srl.com\/wp-content\/uploads\/2024\/06\/assistenza-1-1536x825-1-768x413.jpg 768w, https:\/\/diba-srl.com\/wp-content\/uploads\/2024\/06\/assistenza-1-1536x825-1-600x322.jpg 600w\" sizes=\"(max-width: 1536px) 100vw, 1536px\" \/><\/figure><div class=\"elementor-image-box-content\"><h3 class=\"elementor-image-box-title\">PRE-AFTER SALES SUPPORT<\/h3><p class=\"elementor-image-box-description\">Attention to the customer is essential. Therefore, our work process provides dedicated assistance before, during, and after the sale.\n\n<\/p><\/div><\/div>\t\t\t\t<\/div>\n\t\t\t\t<\/div>\n\t\t\t\t<\/div>\n\t\t<div class=\"elementor-element elementor-element-8ecc498 e-con-full e-flex e-con e-child\" data-id=\"8ecc498\" data-element_type=\"container\">\n\t\t\t\t<div class=\"elementor-element elementor-element-a2bdaed elementor-position-top elementor-widget elementor-widget-image-box\" data-id=\"a2bdaed\" data-element_type=\"widget\" data-widget_type=\"image-box.default\">\n\t\t\t\t<div class=\"elementor-widget-container\">\n\t\t\t\t\t<div class=\"elementor-image-box-wrapper\"><figure class=\"elementor-image-box-img\"><img loading=\"lazy\" decoding=\"async\" width=\"1536\" height=\"825\" src=\"https:\/\/diba-srl.com\/wp-content\/uploads\/2024\/06\/prodotti-1536x825-1.jpg\" class=\"attachment-full size-full wp-image-37246\" alt=\"\" srcset=\"https:\/\/diba-srl.com\/wp-content\/uploads\/2024\/06\/prodotti-1536x825-1.jpg 1536w, https:\/\/diba-srl.com\/wp-content\/uploads\/2024\/06\/prodotti-1536x825-1-300x161.jpg 300w, https:\/\/diba-srl.com\/wp-content\/uploads\/2024\/06\/prodotti-1536x825-1-1024x550.jpg 1024w, https:\/\/diba-srl.com\/wp-content\/uploads\/2024\/06\/prodotti-1536x825-1-768x413.jpg 768w, https:\/\/diba-srl.com\/wp-content\/uploads\/2024\/06\/prodotti-1536x825-1-600x322.jpg 600w\" sizes=\"(max-width: 1536px) 100vw, 1536px\" \/><\/figure><div class=\"elementor-image-box-content\"><h3 class=\"elementor-image-box-title\">GUARANTEED CERTIFIED PRODUCTS<\/h3><p class=\"elementor-image-box-description\">All the components we resell are certified by our suppliers. We can carry out a sample or more analytical tests on a single component on request.\n\n<\/p><\/div><\/div>\t\t\t\t<\/div>\n\t\t\t\t<\/div>\n\t\t\t\t<\/div>\n\t\t\t\t\t<\/div>\n\t\t\t\t<\/div>\n\t\t<div class=\"elementor-element elementor-element-d740c1c e-con-full e-flex e-con e-parent\" data-id=\"d740c1c\" data-element_type=\"container\" data-settings=\"{&quot;background_background&quot;:&quot;classic&quot;}\">\n\t\t<div class=\"elementor-element elementor-element-b84325c e-flex e-con-boxed e-con e-child\" data-id=\"b84325c\" data-element_type=\"container\" data-settings=\"{&quot;background_background&quot;:&quot;classic&quot;}\">\n\t\t\t\t\t<div class=\"e-con-inner\">\n\t\t<div class=\"elementor-element elementor-element-4e4252f e-flex e-con-boxed e-con e-child\" data-id=\"4e4252f\" data-element_type=\"container\">\n\t\t\t\t\t<div class=\"e-con-inner\">\n\t\t<div class=\"elementor-element elementor-element-b12b2a8 e-flex e-con-boxed e-con e-child\" data-id=\"b12b2a8\" data-element_type=\"container\">\n\t\t\t\t\t<div class=\"e-con-inner\">\n\t\t\t\t<div class=\"elementor-element elementor-element-a550f0b elementor-widget elementor-widget-heading\" data-id=\"a550f0b\" data-element_type=\"widget\" data-widget_type=\"heading.default\">\n\t\t\t\t<div class=\"elementor-widget-container\">\n\t\t\t\t\t<h2 class=\"elementor-heading-title elementor-size-default\">Thanks to a vast network of foreign and Italian customers,<\/h2>\t\t\t\t<\/div>\n\t\t\t\t<\/div>\n\t\t\t\t<div class=\"elementor-element elementor-element-87bdda4 elementor-widget elementor-widget-text-editor\" data-id=\"87bdda4\" data-element_type=\"widget\" data-widget_type=\"text-editor.default\">\n\t\t\t\t<div class=\"elementor-widget-container\">\n\t\t\t\t\t\t\t\t\twe can manage any excess stock of your components and make the most of them.\n\n\t\t\t\t\t\t\t\t<\/div>\n\t\t\t\t<\/div>\n\t\t\t\t\t<\/div>\n\t\t\t\t<\/div>\n\t\t\t\t\t<\/div>\n\t\t\t\t<\/div>\n\t\t\t\t<div class=\"elementor-element elementor-element-276a546 elementor-align-center elementor-widget elementor-widget-button\" data-id=\"276a546\" data-element_type=\"widget\" data-widget_type=\"button.default\">\n\t\t\t\t<div class=\"elementor-widget-container\">\n\t\t\t\t\t\t\t\t\t<div class=\"elementor-button-wrapper\">\n\t\t\t\t\t<a class=\"elementor-button elementor-button-link elementor-size-sm\" href=\"https:\/\/diba-srl.com\/en\/contact-us\/\">\n\t\t\t\t\t\t<span class=\"elementor-button-content-wrapper\">\n\t\t\t\t\t\t\t\t\t<span class=\"elementor-button-text\">CONTACT US<\/span>\n\t\t\t\t\t<\/span>\n\t\t\t\t\t<\/a>\n\t\t\t\t<\/div>\n\t\t\t\t\t\t\t\t<\/div>\n\t\t\t\t<\/div>\n\t\t\t\t\t<\/div>\n\t\t\t\t<\/div>\n\t\t\t\t<\/div>\n\t\t\t\t<\/div>\n\t\t","protected":false},"excerpt":{"rendered":"<p>I nostri servizi al tuo servizio Diba Electronics \u00e8 un rivenditore di componentistica elettronica ed elettromeccanica che si \u00e8 distinto sul mercato da diversi anni grazie alla seriet\u00e0, efficienza e tempestivit\u00e0 che offre ai suoi clienti. Siamo specializzati nell\u2019acquistare e vendere componenti attivi, passivi ed elettromeccanici, con particolare attenzione ai prodotti obsoleti di difficile reperibilit\u00e0. [&hellip;]<\/p>\n","protected":false},"author":3,"featured_media":0,"parent":0,"menu_order":0,"comment_status":"closed","ping_status":"closed","template":"","meta":{"footnotes":""},"class_list":["post-37800","page","type-page","status-publish","hentry"],"_links":{"self":[{"href":"https:\/\/diba-srl.com\/en\/wp-json\/wp\/v2\/pages\/37800","targetHints":{"allow":["GET"]}}],"collection":[{"href":"https:\/\/diba-srl.com\/en\/wp-json\/wp\/v2\/pages"}],"about":[{"href":"https:\/\/diba-srl.com\/en\/wp-json\/wp\/v2\/types\/page"}],"author":[{"embeddable":true,"href":"https:\/\/diba-srl.com\/en\/wp-json\/wp\/v2\/users\/3"}],"replies":[{"embeddable":true,"href":"https:\/\/diba-srl.com\/en\/wp-json\/wp\/v2\/comments?post=37800"}],"version-history":[{"count":2,"href":"https:\/\/diba-srl.com\/en\/wp-json\/wp\/v2\/pages\/37800\/revisions"}],"predecessor-version":[{"id":37802,"href":"https:\/\/diba-srl.com\/en\/wp-json\/wp\/v2\/pages\/37800\/revisions\/37802"}],"wp:attachment":[{"href":"https:\/\/diba-srl.com\/en\/wp-json\/wp\/v2\/media?parent=37800"}],"curies":[{"name":"wp","href":"https:\/\/api.w.org\/{rel}","templated":true}]}}